{"id":63,"date":"2018-07-31T10:27:38","date_gmt":"2018-07-31T10:27:38","guid":{"rendered":"https:\/\/digitalphotografen.dk\/index.php\/about\/"},"modified":"2023-07-23T10:36:33","modified_gmt":"2023-07-23T10:36:33","slug":"about","status":"publish","type":"page","link":"https:\/\/digitalphotografen.dk\/?page_id=63","title":{"rendered":"Om Fotografen"},"content":{"rendered":"\t\t<div data-elementor-type=\"wp-post\" data-elementor-id=\"63\" class=\"elementor elementor-63\">\n\t\t\t\t\t\t<section class=\"elementor-section elementor-top-section elementor-element elementor-element-9531efc elementor-section-content-middle elementor-section-boxed elementor-section-height-default elementor-section-height-default\" data-id=\"9531efc\" data-element_type=\"section\" data-e-type=\"section\">\n\t\t\t\t\t\t<div class=\"elementor-container elementor-column-gap-extended\">\n\t\t\t\t\t<div class=\"aux-parallax-section elementor-column elementor-col-50 elementor-top-column elementor-element elementor-element-cec94ae\" data-id=\"cec94ae\" data-element_type=\"column\" data-e-type=\"column\">\n\t\t\t<div class=\"elementor-widget-wrap elementor-element-populated\">\n\t\t\t\t\t\t<div class=\"elementor-element elementor-element-d5accf7 aux-appear-watch-animation aux-scale-down elementor-widget elementor-widget-aux_image\" data-id=\"d5accf7\" data-element_type=\"widget\" data-e-type=\"widget\" data-widget_type=\"aux_image.default\">\n\t\t\t\t<div class=\"elementor-widget-container\">\n\t\t\t\t\t<section class=\"widget-container aux-widget-image aux-alignnone aux-parent-au610c8eed\">\n    <div class=\"aux-media-hint-frame \">\n        <div class=\"aux-media-image \" >\n        \n            \n\n            \n            <img fetchpriority=\"high\" decoding=\"async\" width=\"300\" height=\"224\" src=\"data:image\/gif;base64,R0lGODlhAQABAIAAAAAAAP\/\/\/yH5BAEAAAAALAAAAAABAAEAAAIBRAA7\" class=\"aux-attachment aux-featured-image aux-attachment-id-109 aux-preload aux-blank\" alt=\"fotografen\" data-ratio=\"1\" data-original-w=\"300\" sizes=\"auto\" data-srcset=\"https:\/\/digitalphotografen.dk\/wp-content\/uploads\/2023\/06\/fotografen-150x150.jpg 150w,https:\/\/digitalphotografen.dk\/wp-content\/uploads\/2023\/06\/fotografen.jpg 300w\" data-src=\"https:\/\/digitalphotografen.dk\/wp-content\/uploads\/2023\/06\/fotografen.jpg\" \/>            \n                <\/div>\n    <\/div>\n\n<\/section><!-- widget-container -->\t\t\t\t<\/div>\n\t\t\t\t<\/div>\n\t\t\t\t\t<\/div>\n\t\t<\/div>\n\t\t\t\t<div class=\"aux-parallax-section elementor-column elementor-col-50 elementor-top-column elementor-element elementor-element-e6c02d8\" data-id=\"e6c02d8\" data-element_type=\"column\" data-e-type=\"column\">\n\t\t\t<div class=\"elementor-widget-wrap elementor-element-populated\">\n\t\t\t\t\t\t<div class=\"elementor-element elementor-element-705fe13 aux-appear-watch-animation aux-scale-up elementor-widget elementor-widget-aux_modern_heading\" data-id=\"705fe13\" data-element_type=\"widget\" data-e-type=\"widget\" data-widget_type=\"aux_modern_heading.default\">\n\t\t\t\t<div class=\"elementor-widget-container\">\n\t\t\t\t\t<section class=\"aux-widget-modern-heading\">\n            <div class=\"aux-widget-inner\"><h1 class=\"aux-modern-heading-primary\">\n <\/h1><div class=\"aux-modern-heading-description\"><p><b><span style=\"color: #0000ff;font-family: Monotype Corsiva;font-size: xx-large\">Fotografen<br \/><\/span><span style=\"color: #0000ff;font-family: Verdana;font-size: x-large\"><br \/><\/span>Navn:<\/b> Ole\u00a0 Jensen<br \/><span class=\"style2\"><strong>Alder:<\/strong> 55 \u00e5r<br \/><strong>K\u00f8n:<\/strong> Ja det er jeg \ud83d\ude09<\/span><\/p><p><strong>Fotografisk baggrund:<\/strong> Amat\u00f8r, 15 \u00e5r<br \/><strong><br \/>Fotografisk m\u00e5l: <\/strong>At lave gode og kreative billeder af modeller og natur\u00a0<br \/><b><br \/>Historie: <\/b>Det hele startede da min k\u00e6rste gav mig det f\u00f8rste karmera. Dette var et Olympus C-3030 Zoom Et kamera som jeg satte meget stor pris p\u00e5 endda<b>\u00a0<\/b>at det nu er blivet en s\u00e6rdeles stor del<b>\u00a0<\/b>af min hverdag. Jeg fors\u00f8ger hele tiden at finde nye motiver, og inspiration hvor end jeg er<b>.\u00a0<\/b>I dag er Olympusen blivet udskiftet med et mere moderne digitalkamera<b>,\u00a0<\/b>jeg har altid<b><br \/><\/b>fotograferet digitalt. Det sidste \u00e5rstid har jeg <span class=\"content\">fotograferet model\/ portr\u00e6tter<\/span><\/p><p>Jeg er ikke uddannet fotograf og det er helle ikke en fuldtidsbesk\u00e6ftigelse.<br \/>Det er s\u00e5ledes kun interessen - og ikke kommercielle motiver - der driver v\u00e6rket.\u00a0<\/p><p>Du er velkommen til at skrive til mig p\u00e5 nedest\u00e5nde Email.<\/p><p><strong>photo@digitalphotografen.dk<\/strong><\/p><\/div><\/div>\n        <\/section>\t\t\t\t<\/div>\n\t\t\t\t<\/div>\n\t\t\t\t<div class=\"elementor-element elementor-element-2eecf65 elementor-widget elementor-widget-aux_icon_list\" data-id=\"2eecf65\" data-element_type=\"widget\" data-e-type=\"widget\" data-widget_type=\"aux_icon_list.default\">\n\t\t\t\t<div class=\"elementor-widget-container\">\n\t\t\t\t\t<section class=\"widget-container aux-widget-icon-list aux-parent-aud743b9dc\"><div class=\"widget-inner\"><div class=\"aux-widget-icon-list-inner\"><ul class=\"aux-icon-list-items aux-direction-horizontal\"><li class=\"aux-icon-list-item aux-list-item-has-icon aux-icon-list-item-64ce44b elementor-repeater-item-64ce44b\"><a class=\"aux-icon-list-link\" href=\"https:\/\/www.facebook.com\/Digitaphotografen\"><i aria-hidden=\"true\" class=\"aux-icon-list-icon fab fa-facebook-f\"><\/i><span class=\"aux-icon-list-text\">Facebook<\/span><\/a><\/li><\/ul><\/div><\/div><\/section><!-- widget-container -->\t\t\t\t<\/div>\n\t\t\t\t<\/div>\n\t\t\t\t\t<\/div>\n\t\t<\/div>\n\t\t\t\t\t<\/div>\n\t\t<\/section>\n\t\t\t\t<\/div>\n\t\t","protected":false},"excerpt":{"rendered":"<p>Fotografen Navn: Ole\u00a0 JensenAlder: 55 \u00e5rK\u00f8n: Ja det er jeg \ud83d\ude09 Fotografisk baggrund: Amat\u00f8r, 15 \u00e5rFotografisk m\u00e5l: At lave gode og kreative billeder af modeller og natur\u00a0Historie: Det hele startede da min k\u00e6rste gav mig det f\u00f8rste karmera. Dette var et Olympus C-3030 Zoom Et kamera som jeg satte meget stor pris p\u00e5 endda\u00a0at det [&hellip;]<\/p>\n","protected":false},"author":1,"featured_media":0,"parent":0,"menu_order":0,"comment_status":"closed","ping_status":"closed","template":"templates\/page-builder-content.php","meta":{"footnotes":""},"class_list":["post-63","page","type-page","status-publish","hentry"],"yoast_head":"<!-- This site is optimized with the Yoast SEO plugin v27.6 - https:\/\/yoast.com\/product\/yoast-seo-wordpress\/ -->\n<title>Om Fotografen - Digitalphotografen<\/title>\n<meta name=\"robots\" content=\"index, follow, max-snippet:-1, max-image-preview:large, max-video-preview:-1\" \/>\n<link rel=\"canonical\" href=\"https:\/\/digitalphotografen.dk\/index.php\/about\/\" \/>\n<meta property=\"og:locale\" content=\"da_DK\" \/>\n<meta property=\"og:type\" content=\"article\" \/>\n<meta property=\"og:title\" content=\"Om Fotografen - Digitalphotografen\" \/>\n<meta property=\"og:description\" content=\"Fotografen Navn: Ole\u00a0 JensenAlder: 55 \u00e5rK\u00f8n: Ja det er jeg \ud83d\ude09 Fotografisk baggrund: Amat\u00f8r, 15 \u00e5rFotografisk m\u00e5l: At lave gode og kreative billeder af modeller og natur\u00a0Historie: Det hele startede da min k\u00e6rste gav mig det f\u00f8rste karmera. Dette var et Olympus C-3030 Zoom Et kamera som jeg satte meget stor pris p\u00e5 endda\u00a0at det [&hellip;]\" \/>\n<meta property=\"og:url\" content=\"https:\/\/digitalphotografen.dk\/index.php\/about\/\" \/>\n<meta property=\"og:site_name\" content=\"Digitalphotografen\" \/>\n<meta property=\"article:publisher\" content=\"https:\/\/www.facebook.com\/Digitaphotografen\" \/>\n<meta property=\"article:modified_time\" content=\"2023-07-23T10:36:33+00:00\" \/>\n<meta property=\"og:image\" content=\"https:\/\/digitalphotografen.dk\/wp-content\/uploads\/2023\/06\/300684601_216966247322096_2293841841384322364_n.jpg\" \/>\n\t<meta property=\"og:image:width\" content=\"2048\" \/>\n\t<meta property=\"og:image:height\" content=\"1360\" \/>\n\t<meta property=\"og:image:type\" content=\"image\/jpeg\" \/>\n<meta name=\"twitter:card\" content=\"summary_large_image\" \/>\n<meta name=\"twitter:label1\" content=\"Estimeret l\u00e6setid\" \/>\n\t<meta name=\"twitter:data1\" content=\"1 minut\" \/>\n<script type=\"application\/ld+json\" class=\"yoast-schema-graph\">{\"@context\":\"https:\\\/\\\/schema.org\",\"@graph\":[{\"@type\":\"WebPage\",\"@id\":\"https:\\\/\\\/digitalphotografen.dk\\\/index.php\\\/about\\\/\",\"url\":\"https:\\\/\\\/digitalphotografen.dk\\\/index.php\\\/about\\\/\",\"name\":\"Om Fotografen - Digitalphotografen\",\"isPartOf\":{\"@id\":\"https:\\\/\\\/digitalphotografen.dk\\\/#website\"},\"datePublished\":\"2018-07-31T10:27:38+00:00\",\"dateModified\":\"2023-07-23T10:36:33+00:00\",\"breadcrumb\":{\"@id\":\"https:\\\/\\\/digitalphotografen.dk\\\/index.php\\\/about\\\/#breadcrumb\"},\"inLanguage\":\"da-DK\",\"potentialAction\":[{\"@type\":\"ReadAction\",\"target\":[\"https:\\\/\\\/digitalphotografen.dk\\\/index.php\\\/about\\\/\"]}]},{\"@type\":\"BreadcrumbList\",\"@id\":\"https:\\\/\\\/digitalphotografen.dk\\\/index.php\\\/about\\\/#breadcrumb\",\"itemListElement\":[{\"@type\":\"ListItem\",\"position\":1,\"name\":\"Hjem\",\"item\":\"https:\\\/\\\/digitalphotografen.dk\\\/\"},{\"@type\":\"ListItem\",\"position\":2,\"name\":\"Om Fotografen\"}]},{\"@type\":\"WebSite\",\"@id\":\"https:\\\/\\\/digitalphotografen.dk\\\/#website\",\"url\":\"https:\\\/\\\/digitalphotografen.dk\\\/\",\"name\":\"Digitalphotografen\",\"description\":\"\",\"publisher\":{\"@id\":\"https:\\\/\\\/digitalphotografen.dk\\\/#\\\/schema\\\/person\\\/b3bc9bd1360ddb15dc3408a1a7995121\"},\"potentialAction\":[{\"@type\":\"SearchAction\",\"target\":{\"@type\":\"EntryPoint\",\"urlTemplate\":\"https:\\\/\\\/digitalphotografen.dk\\\/?s={search_term_string}\"},\"query-input\":{\"@type\":\"PropertyValueSpecification\",\"valueRequired\":true,\"valueName\":\"search_term_string\"}}],\"inLanguage\":\"da-DK\"},{\"@type\":[\"Person\",\"Organization\"],\"@id\":\"https:\\\/\\\/digitalphotografen.dk\\\/#\\\/schema\\\/person\\\/b3bc9bd1360ddb15dc3408a1a7995121\",\"name\":\"admin\",\"image\":{\"@type\":\"ImageObject\",\"inLanguage\":\"da-DK\",\"@id\":\"https:\\\/\\\/secure.gravatar.com\\\/avatar\\\/20f9f129a13468420713b049648546eafb0cd0feef10cb25d557e3b7a53c3e3f?s=96&d=mm&r=g\",\"url\":\"https:\\\/\\\/secure.gravatar.com\\\/avatar\\\/20f9f129a13468420713b049648546eafb0cd0feef10cb25d557e3b7a53c3e3f?s=96&d=mm&r=g\",\"contentUrl\":\"https:\\\/\\\/secure.gravatar.com\\\/avatar\\\/20f9f129a13468420713b049648546eafb0cd0feef10cb25d557e3b7a53c3e3f?s=96&d=mm&r=g\",\"caption\":\"admin\"},\"logo\":{\"@id\":\"https:\\\/\\\/secure.gravatar.com\\\/avatar\\\/20f9f129a13468420713b049648546eafb0cd0feef10cb25d557e3b7a53c3e3f?s=96&d=mm&r=g\"},\"sameAs\":[\"https:\\\/\\\/digitalphotografen.dk\",\"https:\\\/\\\/www.facebook.com\\\/Digitaphotografen\"]}]}<\/script>\n<!-- \/ Yoast SEO plugin. -->","yoast_head_json":{"title":"Om Fotografen - Digitalphotografen","robots":{"index":"index","follow":"follow","max-snippet":"max-snippet:-1","max-image-preview":"max-image-preview:large","max-video-preview":"max-video-preview:-1"},"canonical":"https:\/\/digitalphotografen.dk\/index.php\/about\/","og_locale":"da_DK","og_type":"article","og_title":"Om Fotografen - Digitalphotografen","og_description":"Fotografen Navn: Ole\u00a0 JensenAlder: 55 \u00e5rK\u00f8n: Ja det er jeg \ud83d\ude09 Fotografisk baggrund: Amat\u00f8r, 15 \u00e5rFotografisk m\u00e5l: At lave gode og kreative billeder af modeller og natur\u00a0Historie: Det hele startede da min k\u00e6rste gav mig det f\u00f8rste karmera. Dette var et Olympus C-3030 Zoom Et kamera som jeg satte meget stor pris p\u00e5 endda\u00a0at det [&hellip;]","og_url":"https:\/\/digitalphotografen.dk\/index.php\/about\/","og_site_name":"Digitalphotografen","article_publisher":"https:\/\/www.facebook.com\/Digitaphotografen","article_modified_time":"2023-07-23T10:36:33+00:00","og_image":[{"width":2048,"height":1360,"url":"https:\/\/digitalphotografen.dk\/wp-content\/uploads\/2023\/06\/300684601_216966247322096_2293841841384322364_n.jpg","type":"image\/jpeg"}],"twitter_card":"summary_large_image","twitter_misc":{"Estimeret l\u00e6setid":"1 minut"},"schema":{"@context":"https:\/\/schema.org","@graph":[{"@type":"WebPage","@id":"https:\/\/digitalphotografen.dk\/index.php\/about\/","url":"https:\/\/digitalphotografen.dk\/index.php\/about\/","name":"Om Fotografen - Digitalphotografen","isPartOf":{"@id":"https:\/\/digitalphotografen.dk\/#website"},"datePublished":"2018-07-31T10:27:38+00:00","dateModified":"2023-07-23T10:36:33+00:00","breadcrumb":{"@id":"https:\/\/digitalphotografen.dk\/index.php\/about\/#breadcrumb"},"inLanguage":"da-DK","potentialAction":[{"@type":"ReadAction","target":["https:\/\/digitalphotografen.dk\/index.php\/about\/"]}]},{"@type":"BreadcrumbList","@id":"https:\/\/digitalphotografen.dk\/index.php\/about\/#breadcrumb","itemListElement":[{"@type":"ListItem","position":1,"name":"Hjem","item":"https:\/\/digitalphotografen.dk\/"},{"@type":"ListItem","position":2,"name":"Om Fotografen"}]},{"@type":"WebSite","@id":"https:\/\/digitalphotografen.dk\/#website","url":"https:\/\/digitalphotografen.dk\/","name":"Digitalphotografen","description":"","publisher":{"@id":"https:\/\/digitalphotografen.dk\/#\/schema\/person\/b3bc9bd1360ddb15dc3408a1a7995121"},"potentialAction":[{"@type":"SearchAction","target":{"@type":"EntryPoint","urlTemplate":"https:\/\/digitalphotografen.dk\/?s={search_term_string}"},"query-input":{"@type":"PropertyValueSpecification","valueRequired":true,"valueName":"search_term_string"}}],"inLanguage":"da-DK"},{"@type":["Person","Organization"],"@id":"https:\/\/digitalphotografen.dk\/#\/schema\/person\/b3bc9bd1360ddb15dc3408a1a7995121","name":"admin","image":{"@type":"ImageObject","inLanguage":"da-DK","@id":"https:\/\/secure.gravatar.com\/avatar\/20f9f129a13468420713b049648546eafb0cd0feef10cb25d557e3b7a53c3e3f?s=96&d=mm&r=g","url":"https:\/\/secure.gravatar.com\/avatar\/20f9f129a13468420713b049648546eafb0cd0feef10cb25d557e3b7a53c3e3f?s=96&d=mm&r=g","contentUrl":"https:\/\/secure.gravatar.com\/avatar\/20f9f129a13468420713b049648546eafb0cd0feef10cb25d557e3b7a53c3e3f?s=96&d=mm&r=g","caption":"admin"},"logo":{"@id":"https:\/\/secure.gravatar.com\/avatar\/20f9f129a13468420713b049648546eafb0cd0feef10cb25d557e3b7a53c3e3f?s=96&d=mm&r=g"},"sameAs":["https:\/\/digitalphotografen.dk","https:\/\/www.facebook.com\/Digitaphotografen"]}]}},"_links":{"self":[{"href":"https:\/\/digitalphotografen.dk\/index.php?rest_route=\/wp\/v2\/pages\/63","targetHints":{"allow":["GET"]}}],"collection":[{"href":"https:\/\/digitalphotografen.dk\/index.php?rest_route=\/wp\/v2\/pages"}],"about":[{"href":"https:\/\/digitalphotografen.dk\/index.php?rest_route=\/wp\/v2\/types\/page"}],"author":[{"embeddable":true,"href":"https:\/\/digitalphotografen.dk\/index.php?rest_route=\/wp\/v2\/users\/1"}],"replies":[{"embeddable":true,"href":"https:\/\/digitalphotografen.dk\/index.php?rest_route=%2Fwp%2Fv2%2Fcomments&post=63"}],"version-history":[{"count":50,"href":"https:\/\/digitalphotografen.dk\/index.php?rest_route=\/wp\/v2\/pages\/63\/revisions"}],"predecessor-version":[{"id":536,"href":"https:\/\/digitalphotografen.dk\/index.php?rest_route=\/wp\/v2\/pages\/63\/revisions\/536"}],"wp:attachment":[{"href":"https:\/\/digitalphotografen.dk\/index.php?rest_route=%2Fwp%2Fv2%2Fmedia&parent=63"}],"curies":[{"name":"wp","href":"https:\/\/api.w.org\/{rel}","templated":true}]}}